{"id":458,"date":"2023-03-19T04:04:47","date_gmt":"2023-03-19T04:04:47","guid":{"rendered":"https:\/\/3dragonprint.com\/?page_id=458"},"modified":"2023-04-07T03:30:51","modified_gmt":"2023-04-07T03:30:51","slug":"servicio-de-impresion","status":"publish","type":"page","link":"https:\/\/3dragonprint.com\/index.php\/servicio-de-impresion\/","title":{"rendered":"Servicio de Impresi\u00f3n"},"content":{"rendered":"<div class=\"wp-block-cover alignfull\"><span aria-hidden=\"true\" class=\"wp-block-cover__background has-nv-light-bg-background-color has-background-dim-100 has-background-dim\"><\/span><div class=\"wp-block-cover__inner-container is-layout-flow wp-block-cover-is-layout-flow\"><div style=\"height:38px\" aria-hidden=\"true\" class=\"wp-block-spacer\"><\/div>\n\n<div class=\"wp-block-columns has-nv-dark-bg-color has-text-color is-layout-flex wp-container-core-columns-is-layout-2 wp-block-columns-is-layout-flex\"><div class=\"wp-block-column is-layout-flow wp-block-column-is-layout-flow\" style=\"flex-basis:15%\"><\/div>\n\n<div class=\"wp-block-column is-layout-flow wp-block-column-is-layout-flow\"><div class=\"wp-block-columns is-layout-flex wp-container-core-columns-is-layout-1 wp-block-columns-is-layout-flex\"><div class=\"wp-block-column is-layout-flow wp-block-column-is-layout-flow\"><p class=\"has-text-align-left has-medium-font-size\">Para brindar un mejor servicio de impresi\u00f3n, le pedimos llenar el formulario con las caracter\u00edsticas y aplicaciones del producto, as\u00ed como sus datos de contacto.<\/p>\n\n<p class=\"has-medium-font-size\">Si tiene m\u00e1s dudas puede comunicarse con nosotros mediante Whatsapp o correo electr\u00f3nico. <\/p>\n\n<p class=\"has-medium-font-size\">Recomendamos la siguiente gu\u00eda de materiales que permite conocer sus propiedades y as\u00ed escoger el adecuado para el proyecto.<\/p>\n\n<div class=\"wp-block-buttons is-content-justification-center is-layout-flex wp-container-core-buttons-is-layout-1 wp-block-buttons-is-layout-flex\"><div class=\"wp-block-button\"><a class=\"wp-block-button__link wp-element-button\" href=\"https:\/\/www.simplify3d.com\/resources\/materials-guide\/properties-table\/\" target=\"_blank\" rel=\"noreferrer noopener\">GU\u00cdA DE MATERIALES<\/a><\/div><\/div>\n\n<div style=\"height:63px\" aria-hidden=\"true\" class=\"wp-block-spacer\"><\/div><\/div>\n\n<div class=\"wp-block-column is-layout-flow wp-block-column-is-layout-flow\"><div class=\"forminator-ui forminator-custom-form forminator-custom-form-538 forminator-design--bold forminator-enclosed forminator_ajax\" data-forminator-render=\"0\" data-form=\"forminator-module-538\" data-uid=\"6a08f8ea14bac\"><br\/><\/div><form\n\t\t\t\tid=\"forminator-module-538\"\n\t\t\t\tclass=\"forminator-ui forminator-custom-form forminator-custom-form-538 forminator-design--bold forminator-enclosed forminator_ajax\"\n\t\t\t\tmethod=\"post\"\n\t\t\t\tdata-forminator-render=\"0\"\n\t\t\t\tdata-form-id=\"538\"\n\t\t\t\tenctype=\"multipart\/form-data\" data-color-option=\"default\" data-design=\"bold\" data-grid=\"enclosed\" style=\"display: none;\"\n\t\t\t\tdata-uid=\"6a08f8ea14bac\"\n\t\t\t><div role=\"alert\" aria-live=\"polite\" class=\"forminator-response-message forminator-error\" aria-hidden=\"true\"><\/div><div class=\"forminator-row\"><div id=\"name-1\" class=\"forminator-field-name forminator-col forminator-col-12 \"><div class=\"forminator-field\"><label for=\"forminator-field-name-1_6a08f8ea14bac\" id=\"forminator-field-name-1_6a08f8ea14bac-label\" class=\"forminator-label\">Nombre<\/label><input type=\"text\" name=\"name-1\" value=\"\" placeholder=\"Ejemplo: Juan P\u00e9rez\" id=\"forminator-field-name-1_6a08f8ea14bac\" class=\"forminator-input forminator-name--field\" aria-required=\"false\" autocomplete=\"name\" \/><\/div><\/div><\/div><div class=\"forminator-row\"><div id=\"email-1\" class=\"forminator-field-email forminator-col forminator-col-12 \"><div class=\"forminator-field\"><label for=\"forminator-field-email-1_6a08f8ea14bac\" id=\"forminator-field-email-1_6a08f8ea14bac-label\" class=\"forminator-label\">Correo electr\u00f3nico<\/label><input type=\"email\" name=\"email-1\" value=\"\" placeholder=\"Ej . : john@doe.com\" id=\"forminator-field-email-1_6a08f8ea14bac\" class=\"forminator-input forminator-email--field\" data-required=\"\" aria-required=\"false\" autocomplete=\"email\" \/><\/div><\/div><\/div><div class=\"forminator-row\"><div id=\"phone-1\" class=\"forminator-field-phone forminator-col forminator-col-12 \"><div class=\"forminator-field\"><label for=\"forminator-field-phone-1_6a08f8ea14bac\" id=\"forminator-field-phone-1_6a08f8ea14bac-label\" class=\"forminator-label\">Tel\u00e9fono<\/label><input type=\"text\" name=\"phone-1\" value=\"\" placeholder=\"Ejemplo: +57 300 400 5000\" id=\"forminator-field-phone-1_6a08f8ea14bac\" class=\"forminator-input forminator-field--phone\" data-required=\"\" aria-required=\"false\" autocomplete=\"off\" \/><\/div><\/div><\/div><div class=\"forminator-row\"><div id=\"textarea-1\" class=\"forminator-field-textarea forminator-col forminator-col-12 \"><div class=\"forminator-field\"><label for=\"forminator-field-textarea-1_6a08f8ea14bac\" id=\"forminator-field-textarea-1_6a08f8ea14bac-label\" class=\"forminator-label\">Caracter\u00edsticas y par\u00e1metros<\/label><textarea name=\"textarea-1\" placeholder=\"Condiciones de uso, aplicaciones del producto, caracter\u00edsticas, etc.\" id=\"forminator-field-textarea-1_6a08f8ea14bac\" class=\"forminator-textarea\" rows=\"6\" style=\"--forminator-textarea-min-height:140px;\" ><\/textarea><\/div><\/div><\/div><div class=\"forminator-row\"><div id=\"number-1\" class=\"forminator-field-number forminator-col forminator-col-12 \"><div class=\"forminator-field\"><label for=\"forminator-field-number-1_6a08f8ea14bac\" id=\"forminator-field-number-1_6a08f8ea14bac-label\" class=\"forminator-label\">Cantidad de impresiones<\/label><input name=\"number-1\" value=\"\" placeholder=\"P. ej. 10\" id=\"forminator-field-number-1_6a08f8ea14bac\" class=\"forminator-input forminator-number--field\" inputmode=\"decimal\" data-required=\"\" data-decimals=\"0\" aria-required=\"false\" data-inputmask=\"&#039;groupSeparator&#039;: &#039;&#039;, &#039;radixPoint&#039;: &#039;&#039;, &#039;digits&#039;: &#039;0&#039;\" type=\"number\" step=\"any\" min=\"1\" max=\"150\" \/><\/div><\/div><\/div><div class=\"forminator-row\"><div id=\"upload-1\" class=\"forminator-field-upload forminator-col forminator-col-12 \"><div class=\"forminator-field\"><label for=\"forminator-field-upload-1_6a08f8ea14bac\" id=\"forminator-field-upload-1_6a08f8ea14bac-label\" class=\"forminator-label\">Subir archivo<\/label><div class=\"forminator-file-upload \" data-element=\"upload-1_6a08f8ea14bac\" aria-describedby=\"forminator-field-upload-1_6a08f8ea14bac-description\"><input type=\"file\" name=\"upload-1\" id=\"forminator-field-upload-1_6a08f8ea14bac\" class=\"forminator-input-file\" accept=\".webp,.json,.lottie,.obj,.stl,.stp\" tabindex=\"-1\"><button id=\"forminator-field-upload-1_6a08f8ea14bac_button\" class=\"forminator-button forminator-button-upload\" data-id=\"forminator-field-upload-1_6a08f8ea14bac\">Elegir archivo<\/button><span data-empty-text=\"Ning\u00fan archivo seleccionado\">Ning\u00fan archivo seleccionado<\/span><button class=\"forminator-button-delete\" style=\"display: none;\"><i class=\"forminator-icon-close\" aria-hidden=\"true\"><\/i><span class=\"forminator-screen-reader-only\">Eliminar el archivo subido<\/span><\/button><\/div><span id=\"forminator-field-upload-1_6a08f8ea14bac-description\" class=\"forminator-description\">Permitido archivos de modelado 3D en formato STEP, STL U OBJ.<\/span><\/div><\/div><\/div><div class=\"forminator-row\"><\/div><input type=\"hidden\" name=\"referer_url\" value=\"\" \/><div class=\"forminator-row forminator-row-last\"><div class=\"forminator-col\"><div class=\"forminator-field\"><button class=\"forminator-button forminator-button-submit\">Crear entrada<\/button><\/div><\/div><\/div><input type=\"hidden\" id=\"forminator_nonce\" name=\"forminator_nonce\" value=\"aecb191b7d\" \/><input type=\"hidden\" name=\"_wp_http_referer\" value=\"\/index.php\/wp-json\/wp\/v2\/pages\/458\" \/><input type=\"hidden\" name=\"form_id\" value=\"538\"><input type=\"hidden\" name=\"page_id\" value=\"458\"><input type=\"hidden\" name=\"form_type\" value=\"default\"><input type=\"hidden\" name=\"current_url\" value=\"https:\/\/3dragonprint.com\/index.php\/servicio-de-impresion\/\"><input type=\"hidden\" name=\"render_id\" value=\"0\"><input type=\"hidden\" name=\"action\" value=\"forminator_submit_form_custom-forms\"><\/form><\/div><\/div><\/div>\n\n<div class=\"wp-block-column is-layout-flow wp-block-column-is-layout-flow\" style=\"flex-basis:15%\"><\/div><\/div><\/div><\/div><div class=\"wp-block-cover alignfull\" style=\"min-height:235px;aspect-ratio:unset;\"><span aria-hidden=\"true\" class=\"wp-block-cover__background has-neve-text-color-background-color has-background-dim-100 has-background-dim\"><\/span><div class=\"wp-block-cover__inner-container is-layout-flow wp-block-cover-is-layout-flow\"><div style=\"height:47px\" aria-hidden=\"true\" class=\"wp-block-spacer\"><\/div>\n\n<div class=\"wp-block-columns is-layout-flex wp-container-core-columns-is-layout-5 wp-block-columns-is-layout-flex\"><div class=\"wp-block-column is-layout-flow wp-block-column-is-layout-flow\"><div style=\"height:77px\" aria-hidden=\"true\" class=\"wp-block-spacer\"><\/div>\n\n<div class=\"wp-block-columns are-vertically-aligned-center is-layout-flex wp-container-core-columns-is-layout-3 wp-block-columns-is-layout-flex\"><div class=\"wp-block-column is-vertically-aligned-center is-layout-flow wp-block-column-is-layout-flow\" style=\"flex-basis:15%\"><\/div>\n\n<div class=\"wp-block-column is-vertically-aligned-center is-layout-flow wp-block-column-is-layout-flow\" style=\"flex-basis:40%\"><ul class=\"wp-block-social-links is-content-justification-right is-layout-flex wp-container-core-social-links-is-layout-1 wp-block-social-links-is-layout-flex\"><li class=\"wp-social-link wp-social-link-google  wp-block-social-link\"><a href=\"mailto:coti&#122;aci&#111;&#110;es&#064;&#051;&#100;rago&#110;&#112;ri&#110;t.&#099;&#111;m\" class=\"wp-block-social-link-anchor\"><svg width=\"24\" height=\"24\" viewBox=\"0 0 24 24\" version=\"1.1\" xmlns=\"http:\/\/www.w3.org\/2000\/svg\" aria-hidden=\"true\" focusable=\"false\"><path d=\"M12.02,10.18v3.72v0.01h5.51c-0.26,1.57-1.67,4.22-5.5,4.22c-3.31,0-6.01-2.75-6.01-6.12s2.7-6.12,6.01-6.12 c1.87,0,3.13,0.8,3.85,1.48l2.84-2.76C16.99,2.99,14.73,2,12.03,2c-5.52,0-10,4.48-10,10s4.48,10,10,10c5.77,0,9.6-4.06,9.6-9.77 c0-0.83-0.11-1.42-0.25-2.05H12.02z\"><\/path><\/svg><span class=\"wp-block-social-link-label screen-reader-text\">Google<\/span><\/a><\/li>\n\n\n\n<li class=\"wp-social-link wp-social-link-instagram  wp-block-social-link\"><a href=\"https:\/\/www.instagram.com\/3dragon__print\/\" class=\"wp-block-social-link-anchor\"><svg width=\"24\" height=\"24\" viewBox=\"0 0 24 24\" version=\"1.1\" xmlns=\"http:\/\/www.w3.org\/2000\/svg\" aria-hidden=\"true\" focusable=\"false\"><path d=\"M12,4.622c2.403,0,2.688,0.009,3.637,0.052c0.877,0.04,1.354,0.187,1.671,0.31c0.42,0.163,0.72,0.358,1.035,0.673 c0.315,0.315,0.51,0.615,0.673,1.035c0.123,0.317,0.27,0.794,0.31,1.671c0.043,0.949,0.052,1.234,0.052,3.637 s-0.009,2.688-0.052,3.637c-0.04,0.877-0.187,1.354-0.31,1.671c-0.163,0.42-0.358,0.72-0.673,1.035 c-0.315,0.315-0.615,0.51-1.035,0.673c-0.317,0.123-0.794,0.27-1.671,0.31c-0.949,0.043-1.233,0.052-3.637,0.052 s-2.688-0.009-3.637-0.052c-0.877-0.04-1.354-0.187-1.671-0.31c-0.42-0.163-0.72-0.358-1.035-0.673 c-0.315-0.315-0.51-0.615-0.673-1.035c-0.123-0.317-0.27-0.794-0.31-1.671C4.631,14.688,4.622,14.403,4.622,12 s0.009-2.688,0.052-3.637c0.04-0.877,0.187-1.354,0.31-1.671c0.163-0.42,0.358-0.72,0.673-1.035 c0.315-0.315,0.615-0.51,1.035-0.673c0.317-0.123,0.794-0.27,1.671-0.31C9.312,4.631,9.597,4.622,12,4.622 M12,3 C9.556,3,9.249,3.01,8.289,3.054C7.331,3.098,6.677,3.25,6.105,3.472C5.513,3.702,5.011,4.01,4.511,4.511 c-0.5,0.5-0.808,1.002-1.038,1.594C3.25,6.677,3.098,7.331,3.054,8.289C3.01,9.249,3,9.556,3,12c0,2.444,0.01,2.751,0.054,3.711 c0.044,0.958,0.196,1.612,0.418,2.185c0.23,0.592,0.538,1.094,1.038,1.594c0.5,0.5,1.002,0.808,1.594,1.038 c0.572,0.222,1.227,0.375,2.185,0.418C9.249,20.99,9.556,21,12,21s2.751-0.01,3.711-0.054c0.958-0.044,1.612-0.196,2.185-0.418 c0.592-0.23,1.094-0.538,1.594-1.038c0.5-0.5,0.808-1.002,1.038-1.594c0.222-0.572,0.375-1.227,0.418-2.185 C20.99,14.751,21,14.444,21,12s-0.01-2.751-0.054-3.711c-0.044-0.958-0.196-1.612-0.418-2.185c-0.23-0.592-0.538-1.094-1.038-1.594 c-0.5-0.5-1.002-0.808-1.594-1.038c-0.572-0.222-1.227-0.375-2.185-0.418C14.751,3.01,14.444,3,12,3L12,3z M12,7.378 c-2.552,0-4.622,2.069-4.622,4.622S9.448,16.622,12,16.622s4.622-2.069,4.622-4.622S14.552,7.378,12,7.378z M12,15 c-1.657,0-3-1.343-3-3s1.343-3,3-3s3,1.343,3,3S13.657,15,12,15z M16.804,6.116c-0.596,0-1.08,0.484-1.08,1.08 s0.484,1.08,1.08,1.08c0.596,0,1.08-0.484,1.08-1.08S17.401,6.116,16.804,6.116z\"><\/path><\/svg><span class=\"wp-block-social-link-label screen-reader-text\">Instagram<\/span><\/a><\/li><\/ul><\/div><\/div><\/div>\n\n<div class=\"wp-block-column is-layout-flow wp-block-column-is-layout-flow\" style=\"flex-basis:20%\"><figure class=\"wp-block-image size-large\"><img data-recalc-dims=\"1\" fetchpriority=\"high\" decoding=\"async\" width=\"1024\" height=\"474\" src=\"https:\/\/i0.wp.com\/3dragonprint.com\/wp-content\/uploads\/2023\/04\/Fondo-Negro.png?resize=1024%2C474&#038;ssl=1\" alt=\"\" class=\"wp-image-603\" srcset=\"https:\/\/i0.wp.com\/3dragonprint.com\/wp-content\/uploads\/2023\/04\/Fondo-Negro.png?resize=1024%2C474&amp;ssl=1 1024w, https:\/\/i0.wp.com\/3dragonprint.com\/wp-content\/uploads\/2023\/04\/Fondo-Negro.png?resize=300%2C139&amp;ssl=1 300w, https:\/\/i0.wp.com\/3dragonprint.com\/wp-content\/uploads\/2023\/04\/Fondo-Negro.png?resize=768%2C356&amp;ssl=1 768w, https:\/\/i0.wp.com\/3dragonprint.com\/wp-content\/uploads\/2023\/04\/Fondo-Negro.png?resize=1536%2C712&amp;ssl=1 1536w, https:\/\/i0.wp.com\/3dragonprint.com\/wp-content\/uploads\/2023\/04\/Fondo-Negro.png?resize=2048%2C949&amp;ssl=1 2048w, https:\/\/i0.wp.com\/3dragonprint.com\/wp-content\/uploads\/2023\/04\/Fondo-Negro.png?resize=600%2C278&amp;ssl=1 600w, https:\/\/i0.wp.com\/3dragonprint.com\/wp-content\/uploads\/2023\/04\/Fondo-Negro.png?w=2400&amp;ssl=1 2400w\" sizes=\"(max-width: 1024px) 100vw, 1024px\" \/><\/figure><\/div>\n\n<div class=\"wp-block-column is-layout-flow wp-block-column-is-layout-flow\"><div class=\"wp-block-group\"><div class=\"wp-block-group__inner-container is-layout-constrained wp-block-group-is-layout-constrained\"><div class=\"wp-block-columns are-vertically-aligned-center is-layout-flex wp-container-core-columns-is-layout-4 wp-block-columns-is-layout-flex\"><div class=\"wp-block-column is-vertically-aligned-center is-layout-flow wp-block-column-is-layout-flow\"><h2 class=\"has-text-align-left wp-block-heading\">Cont\u00e1cto<\/h2>\n\n<ul><li>(+57) 317 334 4545<\/li>\n\n<li>Carrera 7B # 11 &#8211; 24, Funza, Cundinamarca<\/li>\n\n<li>cotizaciones@3dragonprint.com<\/li><\/ul><\/div>\n\n<div class=\"wp-block-column is-vertically-aligned-center is-layout-flow wp-block-column-is-layout-flow\" style=\"flex-basis:15%\"><\/div><\/div><\/div><\/div><\/div><\/div><\/div><\/div>","protected":false},"excerpt":{"rendered":"","protected":false},"author":1,"featured_media":0,"parent":0,"menu_order":0,"comment_status":"closed","ping_status":"closed","template":"","meta":{"om_disable_all_campaigns":false,"_monsterinsights_skip_tracking":false,"_monsterinsights_sitenote_active":false,"_monsterinsights_sitenote_note":"","_monsterinsights_sitenote_category":0,"neve_meta_sidebar":"","neve_meta_container":"","neve_meta_enable_content_width":"","neve_meta_content_width":0,"neve_meta_title_alignment":"","neve_meta_author_avatar":"","neve_post_elements_order":"","neve_meta_disable_header":"","neve_meta_disable_footer":"","neve_meta_disable_title":"","_themeisle_gutenberg_block_has_review":false,"footnotes":""},"aioseo_notices":[],"jetpack_sharing_enabled":true,"jetpack-related-posts":[],"_links":{"self":[{"href":"https:\/\/3dragonprint.com\/index.php\/wp-json\/wp\/v2\/pages\/458"}],"collection":[{"href":"https:\/\/3dragonprint.com\/index.php\/wp-json\/wp\/v2\/pages"}],"about":[{"href":"https:\/\/3dragonprint.com\/index.php\/wp-json\/wp\/v2\/types\/page"}],"author":[{"embeddable":true,"href":"https:\/\/3dragonprint.com\/index.php\/wp-json\/wp\/v2\/users\/1"}],"replies":[{"embeddable":true,"href":"https:\/\/3dragonprint.com\/index.php\/wp-json\/wp\/v2\/comments?post=458"}],"version-history":[{"count":21,"href":"https:\/\/3dragonprint.com\/index.php\/wp-json\/wp\/v2\/pages\/458\/revisions"}],"predecessor-version":[{"id":731,"href":"https:\/\/3dragonprint.com\/index.php\/wp-json\/wp\/v2\/pages\/458\/revisions\/731"}],"wp:attachment":[{"href":"https:\/\/3dragonprint.com\/index.php\/wp-json\/wp\/v2\/media?parent=458"}],"curies":[{"name":"wp","href":"https:\/\/api.w.org\/{rel}","templated":true}]}}