{"id":61,"date":"2020-01-23T18:21:52","date_gmt":"2020-01-23T18:21:52","guid":{"rendered":"https:\/\/demosites.io\/web-agency-gb\/?page_id=61"},"modified":"2024-04-26T22:37:39","modified_gmt":"2024-04-26T22:37:39","slug":"15c42-web-agency-gb-about-us","status":"publish","type":"page","link":"https:\/\/3dragonprint.com\/index.php\/15c42-web-agency-gb-about-us\/","title":{"rendered":"\u00bfQui\u00e9nes somos?"},"content":{"rendered":"<div class=\"wp-block-cover alignfull\" style=\"min-height:420px;aspect-ratio:unset;\"><span aria-hidden=\"true\" class=\"wp-block-cover__background has-nv-light-bg-background-color has-background-dim-100 has-background-dim\"><\/span><div class=\"wp-block-cover__inner-container is-layout-flow wp-block-cover-is-layout-flow\"><div style=\"height:0px\" aria-hidden=\"true\" class=\"wp-block-spacer\"><\/div>\n\n<div style=\"height:53px\" aria-hidden=\"true\" class=\"wp-block-spacer\"><\/div>\n\n<div class=\"wp-block-columns is-layout-flex wp-container-core-columns-is-layout-1 wp-block-columns-is-layout-flex\"><div class=\"wp-block-column ticss-4ce656f1 is-layout-flow wp-block-column-is-layout-flow\"><div class=\"wp-block-image icon-style is-style-rounded\"><figure class=\"aligncenter size-full is-resized\"><img data-recalc-dims=\"1\" decoding=\"async\" src=\"https:\/\/i0.wp.com\/3dragonprint.com\/wp-content\/uploads\/2023\/03\/mision.png?resize=110%2C110&#038;ssl=1\" alt=\"\" class=\"wp-image-574\" width=\"110\" height=\"110\" srcset=\"https:\/\/i0.wp.com\/3dragonprint.com\/wp-content\/uploads\/2023\/03\/mision.png?w=512&amp;ssl=1 512w, https:\/\/i0.wp.com\/3dragonprint.com\/wp-content\/uploads\/2023\/03\/mision.png?resize=300%2C300&amp;ssl=1 300w, https:\/\/i0.wp.com\/3dragonprint.com\/wp-content\/uploads\/2023\/03\/mision.png?resize=150%2C150&amp;ssl=1 150w, https:\/\/i0.wp.com\/3dragonprint.com\/wp-content\/uploads\/2023\/03\/mision.png?resize=100%2C100&amp;ssl=1 100w\" sizes=\"(max-width: 110px) 100vw, 110px\" \/><\/figure><\/div>\n\n<div style=\"height:10px\" aria-hidden=\"true\" class=\"wp-block-spacer\"><\/div>\n\n<h3 class=\"wp-block-heading has-text-align-center has-neve-text-color-color has-text-color\">Misi\u00f3n<\/h3>\n\n<p class=\"has-text-align-center has-neve-text-color-color has-text-color\" style=\"font-size:15px\">Ser un aliado estrat\u00e9gico al contribuir en los procesos industriales y creativos utilizando la innovadora tecnolog\u00eda 4.0, enfocada en la impresi\u00f3n 3D. Brindar un servicio de modelado, prototipado, dise\u00f1o e impresi\u00f3n 3D de alta calidad, exclusividad, eficiencia y diligencia.<\/p>\n\n<div style=\"height:20px\" aria-hidden=\"true\" class=\"wp-block-spacer\"><\/div><\/div>\n\n<div class=\"wp-block-column ticss-f6fc7494 is-layout-flow wp-block-column-is-layout-flow\"><div class=\"wp-block-image icon-style is-style-rounded\"><figure class=\"aligncenter size-full is-resized\"><img data-recalc-dims=\"1\" decoding=\"async\" src=\"https:\/\/i0.wp.com\/3dragonprint.com\/wp-content\/uploads\/2023\/03\/vision.png?resize=120%2C120&#038;ssl=1\" alt=\"\" class=\"wp-image-575\" width=\"120\" height=\"120\" srcset=\"https:\/\/i0.wp.com\/3dragonprint.com\/wp-content\/uploads\/2023\/03\/vision.png?w=512&amp;ssl=1 512w, https:\/\/i0.wp.com\/3dragonprint.com\/wp-content\/uploads\/2023\/03\/vision.png?resize=300%2C300&amp;ssl=1 300w, https:\/\/i0.wp.com\/3dragonprint.com\/wp-content\/uploads\/2023\/03\/vision.png?resize=150%2C150&amp;ssl=1 150w, https:\/\/i0.wp.com\/3dragonprint.com\/wp-content\/uploads\/2023\/03\/vision.png?resize=100%2C100&amp;ssl=1 100w\" sizes=\"(max-width: 120px) 100vw, 120px\" \/><\/figure><\/div>\n\n<h3 class=\"wp-block-heading has-text-align-center has-neve-text-color-color has-text-color\">Visi\u00f3n<\/h3>\n\n<p class=\"has-text-align-center has-neve-text-color-color has-text-color\" style=\"font-size:15px\">Servir al sector industrial a nivel nacional para ser agentes de crecimiento econ\u00f3mico y social desde la implementaci\u00f3n de materiales y manufactura avanzada.\u00a0\u00a0<\/p>\n\n<div style=\"height:20px\" aria-hidden=\"true\" class=\"wp-block-spacer\"><\/div><\/div>\n\n<div class=\"wp-block-column ticss-a5b4df29 is-layout-flow wp-block-column-is-layout-flow\"><div class=\"wp-block-image icon-style is-style-rounded\"><figure class=\"aligncenter size-full is-resized\"><img data-recalc-dims=\"1\" decoding=\"async\" src=\"https:\/\/i0.wp.com\/3dragonprint.com\/wp-content\/uploads\/2023\/03\/values.png?resize=120%2C120&#038;ssl=1\" alt=\"\" class=\"wp-image-576\" width=\"120\" height=\"120\" srcset=\"https:\/\/i0.wp.com\/3dragonprint.com\/wp-content\/uploads\/2023\/03\/values.png?w=512&amp;ssl=1 512w, https:\/\/i0.wp.com\/3dragonprint.com\/wp-content\/uploads\/2023\/03\/values.png?resize=300%2C300&amp;ssl=1 300w, https:\/\/i0.wp.com\/3dragonprint.com\/wp-content\/uploads\/2023\/03\/values.png?resize=150%2C150&amp;ssl=1 150w, https:\/\/i0.wp.com\/3dragonprint.com\/wp-content\/uploads\/2023\/03\/values.png?resize=100%2C100&amp;ssl=1 100w\" sizes=\"(max-width: 120px) 100vw, 120px\" \/><\/figure><\/div>\n\n<h3 class=\"wp-block-heading has-text-align-center has-neve-text-color-color has-text-color\">Valores<\/h3>\n\n<p class=\"has-text-align-center has-neve-text-color-color has-text-color\" style=\"font-size:15px\">Nuestros valores corporativos est\u00e1n centrados en la diligencia, exclusividad, calidad, confianza, amabilidad y servicio.<\/p>\n\n<div style=\"height:20px\" aria-hidden=\"true\" class=\"wp-block-spacer\"><\/div><\/div><\/div>\n\n<div style=\"height:0px\" aria-hidden=\"true\" class=\"wp-block-spacer\"><\/div><\/div><\/div><div class=\"wp-block-cover alignfull\" style=\"min-height:600px;aspect-ratio:unset;\"><span aria-hidden=\"true\" class=\"wp-block-cover__background has-nv-dark-bg-background-color has-background-dim-100 has-background-dim\"><\/span><div class=\"wp-block-cover__inner-container is-layout-flow wp-block-cover-is-layout-flow\"><div class=\"wp-block-group\"><div class=\"wp-block-group__inner-container is-layout-flow wp-block-group-is-layout-flow\"><div style=\"height:48px\" aria-hidden=\"true\" class=\"wp-block-spacer\"><\/div>\n\n<h2 class=\"wp-block-heading alignwide has-text-align-center has-nv-text-dark-bg-color has-text-color\">Ideolog\u00eda Corporativa<\/h2>\n\n<p class=\"has-nv-text-dark-bg-color has-text-color\">El compromiso con la excelencia se refleja en todo lo que hacemos, desde el desarrollo de productos hasta la atenci\u00f3n al cliente. Trabajamos arduamente para asegurarnos de que cada producto que ofrecemos sea de la m\u00e1s alta calidad, con diligencia y exclusividad para que cumpla con las necesidades y expectativas de nuestros clientes. Con 3Dragon Print estamos m\u00e1s cerca del futuro por medio de la impresi\u00f3n 3D, enfocada en el desarrollo de la industria y creatividad.<\/p>\n\n<div class=\"wp-block-buttons alignwide is-content-justification-center is-layout-flex wp-container-core-buttons-is-layout-1 wp-block-buttons-is-layout-flex\"><div class=\"wp-block-button is-style-primary\"><a class=\"wp-block-button__link wp-element-button\" href=\"https:\/\/3dragonprint.com\/index.php\/15c42-web-agency-gb-contact-us\/\">CONT\u00c1CTANOS<\/a><\/div><\/div><\/div><\/div><\/div><\/div>","protected":false},"excerpt":{"rendered":"","protected":false},"author":1,"featured_media":0,"parent":0,"menu_order":0,"comment_status":"closed","ping_status":"closed","template":"","meta":{"om_disable_all_campaigns":false,"_monsterinsights_skip_tracking":false,"_monsterinsights_sitenote_active":false,"_monsterinsights_sitenote_note":"","_monsterinsights_sitenote_category":0,"neve_meta_sidebar":"default","neve_meta_container":"default","neve_meta_enable_content_width":"on","neve_meta_content_width":100,"neve_meta_title_alignment":"","neve_meta_author_avatar":"","neve_post_elements_order":"","neve_meta_disable_header":"","neve_meta_disable_footer":"","neve_meta_disable_title":"on","_themeisle_gutenberg_block_has_review":false,"footnotes":""},"aioseo_notices":[],"jetpack_sharing_enabled":true,"jetpack-related-posts":[],"_links":{"self":[{"href":"https:\/\/3dragonprint.com\/index.php\/wp-json\/wp\/v2\/pages\/61"}],"collection":[{"href":"https:\/\/3dragonprint.com\/index.php\/wp-json\/wp\/v2\/pages"}],"about":[{"href":"https:\/\/3dragonprint.com\/index.php\/wp-json\/wp\/v2\/types\/page"}],"author":[{"embeddable":true,"href":"https:\/\/3dragonprint.com\/index.php\/wp-json\/wp\/v2\/users\/1"}],"replies":[{"embeddable":true,"href":"https:\/\/3dragonprint.com\/index.php\/wp-json\/wp\/v2\/comments?post=61"}],"version-history":[{"count":10,"href":"https:\/\/3dragonprint.com\/index.php\/wp-json\/wp\/v2\/pages\/61\/revisions"}],"predecessor-version":[{"id":847,"href":"https:\/\/3dragonprint.com\/index.php\/wp-json\/wp\/v2\/pages\/61\/revisions\/847"}],"wp:attachment":[{"href":"https:\/\/3dragonprint.com\/index.php\/wp-json\/wp\/v2\/media?parent=61"}],"curies":[{"name":"wp","href":"https:\/\/api.w.org\/{rel}","templated":true}]}}