{"id":773,"date":"2023-04-28T23:17:19","date_gmt":"2023-04-28T23:17:19","guid":{"rendered":"https:\/\/3dragonprint.com\/?post_type=product&#038;p=773"},"modified":"2023-08-06T01:55:24","modified_gmt":"2023-08-06T01:55:24","slug":"matera-geometrica","status":"publish","type":"product","link":"https:\/\/3dragonprint.com\/index.php\/product\/matera-geometrica\/","title":{"rendered":"Matera Geom\u00e9trica"},"content":{"rendered":"<p>Matera Geom\u00e9trica.<\/p>\n<ul>\n<li>Material: PLA+<\/li>\n<li>Tama\u00f1o: 7 cm de alto<\/li>\n<li>Colores: Seleccionar<\/li>\n<li>Para otros tama\u00f1os por favor contactarnos y lo hacemos como desees.<\/li>\n<\/ul>\n<p>Las fotos son representaciones del producto, no incluye accesorios, solamente la matera.<\/p>\n<p>&nbsp;<\/p>\n","protected":false},"excerpt":{"rendered":"<p>Matera Geom\u00e9trica. Material: PLA+ Tama\u00f1o: 7 cm de alto Colores: Seleccionar Para otros tama\u00f1os por favor contactarnos y lo hacemos como desees. Las fotos son representaciones del producto, no incluye accesorios, solamente la matera. &nbsp;<\/p>\n","protected":false},"featured_media":777,"comment_status":"open","ping_status":"closed","template":"","meta":{"om_disable_all_campaigns":false,"_monsterinsights_skip_tracking":false,"_monsterinsights_sitenote_active":false,"_monsterinsights_sitenote_note":"","_monsterinsights_sitenote_category":0,"neve_meta_sidebar":"","neve_meta_container":"","neve_meta_enable_content_width":"off","neve_meta_content_width":100,"neve_meta_title_alignment":"","neve_meta_author_avatar":"","neve_post_elements_order":"","neve_meta_disable_header":"","neve_meta_disable_footer":"","neve_meta_disable_title":"","_themeisle_gutenberg_block_has_review":false},"product_cat":[22],"product_tag":[],"aioseo_notices":[],"jetpack_sharing_enabled":true,"jetpack-related-posts":[],"_links":{"self":[{"href":"https:\/\/3dragonprint.com\/index.php\/wp-json\/wp\/v2\/product\/773"}],"collection":[{"href":"https:\/\/3dragonprint.com\/index.php\/wp-json\/wp\/v2\/product"}],"about":[{"href":"https:\/\/3dragonprint.com\/index.php\/wp-json\/wp\/v2\/types\/product"}],"replies":[{"embeddable":true,"href":"https:\/\/3dragonprint.com\/index.php\/wp-json\/wp\/v2\/comments?post=773"}],"wp:featuredmedia":[{"embeddable":true,"href":"https:\/\/3dragonprint.com\/index.php\/wp-json\/wp\/v2\/media\/777"}],"wp:attachment":[{"href":"https:\/\/3dragonprint.com\/index.php\/wp-json\/wp\/v2\/media?parent=773"}],"wp:term":[{"taxonomy":"product_cat","embeddable":true,"href":"https:\/\/3dragonprint.com\/index.php\/wp-json\/wp\/v2\/product_cat?post=773"},{"taxonomy":"product_tag","embeddable":true,"href":"https:\/\/3dragonprint.com\/index.php\/wp-json\/wp\/v2\/product_tag?post=773"}],"curies":[{"name":"wp","href":"https:\/\/api.w.org\/{rel}","templated":true}]}}