{"id":832,"date":"2023-10-18T22:01:54","date_gmt":"2023-10-18T22:01:54","guid":{"rendered":"https:\/\/3dragonprint.com\/?post_type=product&#038;p=832"},"modified":"2023-10-18T22:12:03","modified_gmt":"2023-10-18T22:12:03","slug":"llavero-corazon","status":"publish","type":"product","link":"https:\/\/3dragonprint.com\/index.php\/product\/llavero-corazon\/","title":{"rendered":"Llavero Coraz\u00f3n"},"content":{"rendered":"<p>Llavero Coraz\u00f3n con piezas tipo LEGO.<\/p>\n<p>Vienen dos fichas que al unirlas generan un coraz\u00f3n, est\u00e1 hecho con pl\u00e1stico Biodegradable.<\/p>\n<p>Combinaci\u00f3n de colores:<\/p>\n<p>Negro + Negro<\/p>\n<p>Rojo + Rojo<\/p>\n<p>Negro + Rojo<\/p>\n","protected":false},"excerpt":{"rendered":"<p>Llavero Coraz\u00f3n con fichas tipo LEGO<\/p>\n","protected":false},"featured_media":834,"comment_status":"open","ping_status":"closed","template":"","meta":{"om_disable_all_campaigns":false,"_monsterinsights_skip_tracking":false,"_monsterinsights_sitenote_active":false,"_monsterinsights_sitenote_note":"","_monsterinsights_sitenote_category":0,"neve_meta_sidebar":"","neve_meta_container":"","neve_meta_enable_content_width":"off","neve_meta_content_width":100,"neve_meta_title_alignment":"","neve_meta_author_avatar":"","neve_post_elements_order":"","neve_meta_disable_header":"","neve_meta_disable_footer":"","neve_meta_disable_title":"","_themeisle_gutenberg_block_has_review":false},"product_cat":[43],"product_tag":[],"aioseo_notices":[],"jetpack_sharing_enabled":true,"jetpack-related-posts":[],"_links":{"self":[{"href":"https:\/\/3dragonprint.com\/index.php\/wp-json\/wp\/v2\/product\/832"}],"collection":[{"href":"https:\/\/3dragonprint.com\/index.php\/wp-json\/wp\/v2\/product"}],"about":[{"href":"https:\/\/3dragonprint.com\/index.php\/wp-json\/wp\/v2\/types\/product"}],"replies":[{"embeddable":true,"href":"https:\/\/3dragonprint.com\/index.php\/wp-json\/wp\/v2\/comments?post=832"}],"wp:featuredmedia":[{"embeddable":true,"href":"https:\/\/3dragonprint.com\/index.php\/wp-json\/wp\/v2\/media\/834"}],"wp:attachment":[{"href":"https:\/\/3dragonprint.com\/index.php\/wp-json\/wp\/v2\/media?parent=832"}],"wp:term":[{"taxonomy":"product_cat","embeddable":true,"href":"https:\/\/3dragonprint.com\/index.php\/wp-json\/wp\/v2\/product_cat?post=832"},{"taxonomy":"product_tag","embeddable":true,"href":"https:\/\/3dragonprint.com\/index.php\/wp-json\/wp\/v2\/product_tag?post=832"}],"curies":[{"name":"wp","href":"https:\/\/api.w.org\/{rel}","templated":true}]}}