{"id":852,"date":"2024-04-26T23:36:33","date_gmt":"2024-04-26T23:36:33","guid":{"rendered":"https:\/\/3dragonprint.com\/index.php\/product\/reptil-godzilla-coleccionable\/"},"modified":"2024-04-29T19:18:53","modified_gmt":"2024-04-29T19:18:53","slug":"reptil-godzilla-coleccionable","status":"publish","type":"product","link":"https:\/\/3dragonprint.com\/index.php\/product\/reptil-godzilla-coleccionable\/","title":{"rendered":"Reptil (Godzilla) coleccionable"},"content":{"rendered":"<p>Representaci\u00f3n de Godzilla de 26 cm de alto, escr\u00edbenos por WhastApp si lo quieres de otro color.<\/p>\n<p>Este art\u00edculo est\u00e1 impreso en 3D por lo que puede tener defectos ligeros, sin embargo, estamos comprometidos a darles la m\u00e1xima calidad de la tecnolog\u00eda<\/p>\n","protected":false},"excerpt":{"rendered":"<p>Representaci\u00f3n de Godzilla de 26 cm de alto, escr\u00edbenos por WhastApp si lo quieres de otro color. Este art\u00edculo est\u00e1 impreso en 3D por lo que puede tener defectos ligeros, sin embargo, estamos comprometidos a darles la m\u00e1xima calidad de la tecnolog\u00eda<\/p>\n","protected":false},"featured_media":853,"comment_status":"open","ping_status":"closed","template":"","meta":{"om_disable_all_campaigns":false,"_monsterinsights_skip_tracking":false,"_monsterinsights_sitenote_active":false,"_monsterinsights_sitenote_note":"","_monsterinsights_sitenote_category":0,"neve_meta_sidebar":"","neve_meta_container":"","neve_meta_enable_content_width":"off","neve_meta_content_width":100,"neve_meta_title_alignment":"","neve_meta_author_avatar":"","neve_post_elements_order":"","neve_meta_disable_header":"","neve_meta_disable_footer":"","neve_meta_disable_title":"","_themeisle_gutenberg_block_has_review":false},"product_cat":[44],"product_tag":[],"aioseo_notices":[],"jetpack_sharing_enabled":true,"jetpack-related-posts":[],"_links":{"self":[{"href":"https:\/\/3dragonprint.com\/index.php\/wp-json\/wp\/v2\/product\/852"}],"collection":[{"href":"https:\/\/3dragonprint.com\/index.php\/wp-json\/wp\/v2\/product"}],"about":[{"href":"https:\/\/3dragonprint.com\/index.php\/wp-json\/wp\/v2\/types\/product"}],"replies":[{"embeddable":true,"href":"https:\/\/3dragonprint.com\/index.php\/wp-json\/wp\/v2\/comments?post=852"}],"wp:featuredmedia":[{"embeddable":true,"href":"https:\/\/3dragonprint.com\/index.php\/wp-json\/wp\/v2\/media\/853"}],"wp:attachment":[{"href":"https:\/\/3dragonprint.com\/index.php\/wp-json\/wp\/v2\/media?parent=852"}],"wp:term":[{"taxonomy":"product_cat","embeddable":true,"href":"https:\/\/3dragonprint.com\/index.php\/wp-json\/wp\/v2\/product_cat?post=852"},{"taxonomy":"product_tag","embeddable":true,"href":"https:\/\/3dragonprint.com\/index.php\/wp-json\/wp\/v2\/product_tag?post=852"}],"curies":[{"name":"wp","href":"https:\/\/api.w.org\/{rel}","templated":true}]}}